{"id":1668,"date":"2023-09-28T07:31:50","date_gmt":"2023-09-28T05:31:50","guid":{"rendered":"https:\/\/www.vilafamesturisme.com\/que-puedes-hacer\/fiv\/"},"modified":"2024-06-25T11:09:58","modified_gmt":"2024-06-25T09:09:58","slug":"fiv","status":"publish","type":"page","link":"https:\/\/www.vilafamesturisme.com\/es\/que-puedes-hacer\/fiv\/","title":{"rendered":"FIV"},"content":{"rendered":"\n<p>Festival Internacional de Cine de Vilafam\u00e9s, que se celebra de forma anual, siente todo un referente a nivel cinematogr\u00e1fico y cultural de la provincia de Castell\u00f3.<\/p>\n","protected":false},"excerpt":{"rendered":"<p>Festival Internacional de Cine de Vilafam\u00e9s, que se celebra de forma anual, siente todo un referente a nivel cinematogr\u00e1fico y cultural de la provincia de Castell\u00f3.<\/p>\n","protected":false},"author":1,"featured_media":572,"parent":1403,"menu_order":68,"comment_status":"closed","ping_status":"closed","template":"","meta":{"_acf_changed":false,"_EventAllDay":false,"_EventTimezone":"","_EventStartDate":"","_EventEndDate":"","_EventStartDateUTC":"","_EventEndDateUTC":"","_EventShowMap":false,"_EventShowMapLink":false,"_EventURL":"","_EventCost":"","_EventCostDescription":"","_EventCurrencySymbol":"","_EventCurrencyCode":"","_EventCurrencyPosition":"","_EventDateTimeSeparator":"","_EventTimeRangeSeparator":"","_EventOrganizerID":[],"_EventVenueID":[],"_OrganizerEmail":"","_OrganizerPhone":"","_OrganizerWebsite":"","_VenueAddress":"","_VenueCity":"","_VenueCountry":"","_VenueProvince":"","_VenueState":"","_VenueZip":"","_VenuePhone":"","_VenueURL":"","_VenueStateProvince":"","_VenueLat":"","_VenueLng":"","_VenueShowMap":false,"_VenueShowMapLink":false,"footnotes":""},"class_list":["post-1668","page","type-page","status-publish","has-post-thumbnail","hentry"],"acf":[],"_links":{"self":[{"href":"https:\/\/www.vilafamesturisme.com\/es\/wp-json\/wp\/v2\/pages\/1668","targetHints":{"allow":["GET"]}}],"collection":[{"href":"https:\/\/www.vilafamesturisme.com\/es\/wp-json\/wp\/v2\/pages"}],"about":[{"href":"https:\/\/www.vilafamesturisme.com\/es\/wp-json\/wp\/v2\/types\/page"}],"author":[{"embeddable":true,"href":"https:\/\/www.vilafamesturisme.com\/es\/wp-json\/wp\/v2\/users\/1"}],"replies":[{"embeddable":true,"href":"https:\/\/www.vilafamesturisme.com\/es\/wp-json\/wp\/v2\/comments?post=1668"}],"version-history":[{"count":1,"href":"https:\/\/www.vilafamesturisme.com\/es\/wp-json\/wp\/v2\/pages\/1668\/revisions"}],"predecessor-version":[{"id":1671,"href":"https:\/\/www.vilafamesturisme.com\/es\/wp-json\/wp\/v2\/pages\/1668\/revisions\/1671"}],"up":[{"embeddable":true,"href":"https:\/\/www.vilafamesturisme.com\/es\/wp-json\/wp\/v2\/pages\/1403"}],"wp:featuredmedia":[{"embeddable":true,"href":"https:\/\/www.vilafamesturisme.com\/es\/wp-json\/wp\/v2\/media\/572"}],"wp:attachment":[{"href":"https:\/\/www.vilafamesturisme.com\/es\/wp-json\/wp\/v2\/media?parent=1668"}],"curies":[{"name":"wp","href":"https:\/\/api.w.org\/{rel}","templated":true}]}}