{"id":1680,"date":"2023-09-28T07:33:01","date_gmt":"2023-09-28T05:33:01","guid":{"rendered":"https:\/\/www.vilafamesturisme.com\/que-puedes-hacer\/yacimiento-iberico-els-estrets-el-raco-de-rata\/"},"modified":"2024-06-25T11:12:50","modified_gmt":"2024-06-25T09:12:50","slug":"yacimiento-iberico-els-estrets-el-raco-de-rata","status":"publish","type":"page","link":"https:\/\/www.vilafamesturisme.com\/es\/que-puedes-hacer\/yacimiento-iberico-els-estrets-el-raco-de-rata\/","title":{"rendered":"Yacimiento ib\u00e9rico \u2018Els Estrets - El Raco\u0301 de Rata\u2019"},"content":{"rendered":"\n<p>El yacimiento arqueol\u00f3gico Els Estrets - el Rac\u00f3 de Rata est\u00e1 situado sobre el Tossal d'en Bosch. Su cronolog\u00eda pertenece en los siglos III-I a.C, dentro del periodo Ib\u00e9rico Tard\u00edo, y declarado como Bien de Inter\u00e9s Cultural en 1997.<\/p>\n\n<figure class=\"wp-block-image size-large\"><img loading=\"lazy\" decoding=\"async\" width=\"1024\" height=\"682\" src=\"https:\/\/www.vilafamesturisme.com\/wp-content\/uploads\/2023\/12\/IMG_2217g-1024x682.jpg\" alt=\"\" class=\"wp-image-676\" srcset=\"https:\/\/www.vilafamesturisme.com\/wp-content\/uploads\/2023\/12\/IMG_2217g-1024x682.jpg 1024w, https:\/\/www.vilafamesturisme.com\/wp-content\/uploads\/2023\/12\/IMG_2217g-300x200.jpg 300w, https:\/\/www.vilafamesturisme.com\/wp-content\/uploads\/2023\/12\/IMG_2217g-768x512.jpg 768w, https:\/\/www.vilafamesturisme.com\/wp-content\/uploads\/2023\/12\/IMG_2217g-1536x1024.jpg 1536w, https:\/\/www.vilafamesturisme.com\/wp-content\/uploads\/2023\/12\/IMG_2217g.jpg 2000w\" sizes=\"auto, (max-width: 1024px) 100vw, 1024px\" \/><\/figure>\n\n<div style=\"height:30px\" aria-hidden=\"true\" class=\"wp-block-spacer\"><\/div>\n\n<p>En este yacimiento encontrar\u00e1s un poblado formado por murallas, viviendas, torres cuadrangulares y circulares que han sido documentadas como \u00e1reas de trabajo dom\u00e9stico.<\/p>\n\n<div style=\"height:10px\" aria-hidden=\"true\" class=\"wp-block-spacer\"><\/div>\n\n<p class=\"has-text-align-center\"><a href=\"https:\/\/www.castellonarqueologico.es\/va\/yacimientos\/la-plana-i\/els-estrets\/\" target=\"_blank\" rel=\"noreferrer noopener\">Visita la p\u00e1gina web del yacimiento<\/a><\/p>\n\n<div style=\"height:30px\" aria-hidden=\"true\" class=\"wp-block-spacer\"><\/div>\n\n<figure class=\"wp-block-gallery has-nested-images columns-3 is-cropped wp-block-gallery-1 is-layout-flex wp-block-gallery-is-layout-flex\">\n<figure class=\"wp-block-image size-large\"><img loading=\"lazy\" decoding=\"async\" width=\"1024\" height=\"682\" data-id=\"679\" src=\"https:\/\/www.vilafamesturisme.com\/wp-content\/uploads\/2023\/12\/IMG_2197b-1024x682.jpg\" alt=\"\" class=\"wp-image-679\" srcset=\"https:\/\/www.vilafamesturisme.com\/wp-content\/uploads\/2023\/12\/IMG_2197b-1024x682.jpg 1024w, https:\/\/www.vilafamesturisme.com\/wp-content\/uploads\/2023\/12\/IMG_2197b-300x200.jpg 300w, https:\/\/www.vilafamesturisme.com\/wp-content\/uploads\/2023\/12\/IMG_2197b-768x512.jpg 768w, https:\/\/www.vilafamesturisme.com\/wp-content\/uploads\/2023\/12\/IMG_2197b-1536x1024.jpg 1536w, https:\/\/www.vilafamesturisme.com\/wp-content\/uploads\/2023\/12\/IMG_2197b.jpg 2000w\" sizes=\"auto, (max-width: 1024px) 100vw, 1024px\" \/><\/figure>\n\n\n\n<figure class=\"wp-block-image size-large\"><img loading=\"lazy\" decoding=\"async\" width=\"1024\" height=\"682\" data-id=\"683\" src=\"https:\/\/www.vilafamesturisme.com\/wp-content\/uploads\/2023\/12\/IMG_2233i-1024x682.jpg\" alt=\"\" class=\"wp-image-683\" srcset=\"https:\/\/www.vilafamesturisme.com\/wp-content\/uploads\/2023\/12\/IMG_2233i-1024x682.jpg 1024w, https:\/\/www.vilafamesturisme.com\/wp-content\/uploads\/2023\/12\/IMG_2233i-300x200.jpg 300w, https:\/\/www.vilafamesturisme.com\/wp-content\/uploads\/2023\/12\/IMG_2233i-768x512.jpg 768w, https:\/\/www.vilafamesturisme.com\/wp-content\/uploads\/2023\/12\/IMG_2233i-1536x1024.jpg 1536w, https:\/\/www.vilafamesturisme.com\/wp-content\/uploads\/2023\/12\/IMG_2233i.jpg 2000w\" sizes=\"auto, (max-width: 1024px) 100vw, 1024px\" \/><\/figure>\n\n\n\n<figure class=\"wp-block-image size-large\"><img loading=\"lazy\" decoding=\"async\" width=\"1024\" height=\"682\" data-id=\"681\" src=\"https:\/\/www.vilafamesturisme.com\/wp-content\/uploads\/2023\/12\/IMG_2204d-1024x682.jpg\" alt=\"\" class=\"wp-image-681\" srcset=\"https:\/\/www.vilafamesturisme.com\/wp-content\/uploads\/2023\/12\/IMG_2204d-1024x682.jpg 1024w, https:\/\/www.vilafamesturisme.com\/wp-content\/uploads\/2023\/12\/IMG_2204d-300x200.jpg 300w, https:\/\/www.vilafamesturisme.com\/wp-content\/uploads\/2023\/12\/IMG_2204d-768x512.jpg 768w, https:\/\/www.vilafamesturisme.com\/wp-content\/uploads\/2023\/12\/IMG_2204d-1536x1024.jpg 1536w, https:\/\/www.vilafamesturisme.com\/wp-content\/uploads\/2023\/12\/IMG_2204d.jpg 2000w\" sizes=\"auto, (max-width: 1024px) 100vw, 1024px\" \/><\/figure>\n<\/figure>\n","protected":false},"excerpt":{"rendered":"<p>El yacimiento arqueol\u00f3gico Els Estrets - el Rac\u00f3 de Rata est\u00e1 situado sobre el Tossal d'en Bosch. Su cronolog\u00eda pertenece en los siglos III-I a.C, dentro del periodo Ib\u00e9rico Tard\u00edo, [&hellip;]<\/p>\n","protected":false},"author":1,"featured_media":682,"parent":1403,"menu_order":78,"comment_status":"closed","ping_status":"closed","template":"","meta":{"_acf_changed":false,"_EventAllDay":false,"_EventTimezone":"","_EventStartDate":"","_EventEndDate":"","_EventStartDateUTC":"","_EventEndDateUTC":"","_EventShowMap":false,"_EventShowMapLink":false,"_EventURL":"","_EventCost":"","_EventCostDescription":"","_EventCurrencySymbol":"","_EventCurrencyCode":"","_EventCurrencyPosition":"","_EventDateTimeSeparator":"","_EventTimeRangeSeparator":"","_EventOrganizerID":[],"_EventVenueID":[],"_OrganizerEmail":"","_OrganizerPhone":"","_OrganizerWebsite":"","_VenueAddress":"","_VenueCity":"","_VenueCountry":"","_VenueProvince":"","_VenueState":"","_VenueZip":"","_VenuePhone":"","_VenueURL":"","_VenueStateProvince":"","_VenueLat":"","_VenueLng":"","_VenueShowMap":false,"_VenueShowMapLink":false,"footnotes":""},"class_list":["post-1680","page","type-page","status-publish","has-post-thumbnail","hentry"],"acf":[],"_links":{"self":[{"href":"https:\/\/www.vilafamesturisme.com\/es\/wp-json\/wp\/v2\/pages\/1680","targetHints":{"allow":["GET"]}}],"collection":[{"href":"https:\/\/www.vilafamesturisme.com\/es\/wp-json\/wp\/v2\/pages"}],"about":[{"href":"https:\/\/www.vilafamesturisme.com\/es\/wp-json\/wp\/v2\/types\/page"}],"author":[{"embeddable":true,"href":"https:\/\/www.vilafamesturisme.com\/es\/wp-json\/wp\/v2\/users\/1"}],"replies":[{"embeddable":true,"href":"https:\/\/www.vilafamesturisme.com\/es\/wp-json\/wp\/v2\/comments?post=1680"}],"version-history":[{"count":1,"href":"https:\/\/www.vilafamesturisme.com\/es\/wp-json\/wp\/v2\/pages\/1680\/revisions"}],"predecessor-version":[{"id":1685,"href":"https:\/\/www.vilafamesturisme.com\/es\/wp-json\/wp\/v2\/pages\/1680\/revisions\/1685"}],"up":[{"embeddable":true,"href":"https:\/\/www.vilafamesturisme.com\/es\/wp-json\/wp\/v2\/pages\/1403"}],"wp:featuredmedia":[{"embeddable":true,"href":"https:\/\/www.vilafamesturisme.com\/es\/wp-json\/wp\/v2\/media\/682"}],"wp:attachment":[{"href":"https:\/\/www.vilafamesturisme.com\/es\/wp-json\/wp\/v2\/media?parent=1680"}],"curies":[{"name":"wp","href":"https:\/\/api.w.org\/{rel}","templated":true}]}}