{"id":1686,"date":"2023-09-28T07:33:13","date_gmt":"2023-09-28T05:33:13","guid":{"rendered":"https:\/\/www.vilafamesturisme.com\/que-puedes-hacer\/museo-al-aire-libre\/"},"modified":"2024-06-25T11:13:38","modified_gmt":"2024-06-25T09:13:38","slug":"museo-al-aire-libre","status":"publish","type":"page","link":"https:\/\/www.vilafamesturisme.com\/es\/que-puedes-hacer\/museo-al-aire-libre\/","title":{"rendered":"Museo al aire libre"},"content":{"rendered":"\n<h2 class=\"wp-block-heading has-x-large-font-size\">Via Siete Sillas<\/h2>\n\n<p>Es una instalaci\u00f3n escult\u00f3rica creada por Pilar Balsalobre y Carlos Jim\u00e9nez del estudio photoAlquimia para el Museo de esculturas al aire libre de la Plana de l'Arc. Este museo nace de la inspiraci\u00f3n de las sillas tradicionales, un elemento mobiliario de pueblo y un s\u00edmbolo de costumbre: salir a la fresca.<\/p>\n\n<p>La instalaci\u00f3n se compone de 7 sillas ubicadas en la red de viales verdes de los 7 municipios que conforman la Plana de l'Arc. Formadas por dos materiales: madera de pino y c\u00e1\u00f1amo, y caracterizadas con el nombre de cada etapa del recorrido en lat\u00edn.<\/p>\n\n<p class=\"has-text-align-right has-small-font-size\">Fotos: photoAlquimia<\/p>\n\n<figure class=\"wp-block-gallery has-nested-images columns-default is-cropped wp-block-gallery-1 is-layout-flex wp-block-gallery-is-layout-flex\">\n<figure class=\"wp-block-image size-large\"><img loading=\"lazy\" decoding=\"async\" width=\"1024\" height=\"693\" data-id=\"710\" src=\"https:\/\/www.vilafamesturisme.com\/wp-content\/uploads\/2023\/12\/01b_VIA-SET-CADIRES_photoAlquimia__Fotografia-Carlos-Jimenez-1024x693.jpg\" alt=\"\" class=\"wp-image-710\" srcset=\"https:\/\/www.vilafamesturisme.com\/wp-content\/uploads\/2023\/12\/01b_VIA-SET-CADIRES_photoAlquimia__Fotografia-Carlos-Jimenez-1024x693.jpg 1024w, https:\/\/www.vilafamesturisme.com\/wp-content\/uploads\/2023\/12\/01b_VIA-SET-CADIRES_photoAlquimia__Fotografia-Carlos-Jimenez-300x203.jpg 300w, https:\/\/www.vilafamesturisme.com\/wp-content\/uploads\/2023\/12\/01b_VIA-SET-CADIRES_photoAlquimia__Fotografia-Carlos-Jimenez-768x519.jpg 768w, https:\/\/www.vilafamesturisme.com\/wp-content\/uploads\/2023\/12\/01b_VIA-SET-CADIRES_photoAlquimia__Fotografia-Carlos-Jimenez.jpg 1168w\" sizes=\"auto, (max-width: 1024px) 100vw, 1024px\" \/><\/figure>\n\n\n\n<figure class=\"wp-block-image size-large\"><img loading=\"lazy\" decoding=\"async\" width=\"1024\" height=\"691\" data-id=\"712\" src=\"https:\/\/www.vilafamesturisme.com\/wp-content\/uploads\/2023\/12\/45a_VIA-SET-CADIRES_photoAlquimia_Fotografia-Carlos-Jimenez-1024x691.jpg\" alt=\"\" class=\"wp-image-712\" srcset=\"https:\/\/www.vilafamesturisme.com\/wp-content\/uploads\/2023\/12\/45a_VIA-SET-CADIRES_photoAlquimia_Fotografia-Carlos-Jimenez-1024x691.jpg 1024w, https:\/\/www.vilafamesturisme.com\/wp-content\/uploads\/2023\/12\/45a_VIA-SET-CADIRES_photoAlquimia_Fotografia-Carlos-Jimenez-300x203.jpg 300w, https:\/\/www.vilafamesturisme.com\/wp-content\/uploads\/2023\/12\/45a_VIA-SET-CADIRES_photoAlquimia_Fotografia-Carlos-Jimenez-768x519.jpg 768w, https:\/\/www.vilafamesturisme.com\/wp-content\/uploads\/2023\/12\/45a_VIA-SET-CADIRES_photoAlquimia_Fotografia-Carlos-Jimenez.jpg 1170w\" sizes=\"auto, (max-width: 1024px) 100vw, 1024px\" \/><\/figure>\n\n\n\n<figure class=\"wp-block-image size-large\"><img loading=\"lazy\" decoding=\"async\" width=\"1024\" height=\"691\" data-id=\"714\" src=\"https:\/\/www.vilafamesturisme.com\/wp-content\/uploads\/2023\/12\/46c_VIA-SET-CADIRES_photoAlquimia_Fotografia-Carlos-Jimenez-1024x691.jpg\" alt=\"\" class=\"wp-image-714\" srcset=\"https:\/\/www.vilafamesturisme.com\/wp-content\/uploads\/2023\/12\/46c_VIA-SET-CADIRES_photoAlquimia_Fotografia-Carlos-Jimenez-1024x691.jpg 1024w, https:\/\/www.vilafamesturisme.com\/wp-content\/uploads\/2023\/12\/46c_VIA-SET-CADIRES_photoAlquimia_Fotografia-Carlos-Jimenez-300x203.jpg 300w, https:\/\/www.vilafamesturisme.com\/wp-content\/uploads\/2023\/12\/46c_VIA-SET-CADIRES_photoAlquimia_Fotografia-Carlos-Jimenez-768x519.jpg 768w, https:\/\/www.vilafamesturisme.com\/wp-content\/uploads\/2023\/12\/46c_VIA-SET-CADIRES_photoAlquimia_Fotografia-Carlos-Jimenez.jpg 1170w\" sizes=\"auto, (max-width: 1024px) 100vw, 1024px\" \/><\/figure>\n<\/figure>\n\n<p class=\"has-text-align-center\"><a href=\"https:\/\/www.google.com\/maps\/d\/u\/0\/viewer?mid=1xDiLEU3d5Ou0PtPk0FDAVcEVgwSe3e8&amp;ll=40.24446987869302%2C0.03555344999997878&amp;z=11\" target=\"_blank\" rel=\"noreferrer noopener\">\u2192 Itinerario: Via Siete Sillas<\/a><\/p>\n\n<div style=\"height:30px\" aria-hidden=\"true\" class=\"wp-block-spacer\"><\/div>\n\n<h2 class=\"wp-block-heading has-x-large-font-size\">Bicicleta gigante<\/h2>\n\n<p>Pedales sostenibles: \u201cCiudades y comunidades sostenibles\u201d (Vilafam\u00e9s)<\/p>\n\n<p>Este proyecto alberga 7 bicicletas a gran escala, con su r\u00e9plica en tama\u00f1o real, para que los visitantes puedan pedalear generando energ\u00eda limpia y disfrutar del paisaje. Un extraordinario proyecto art\u00edstico que promete redefinir la experiencia tur\u00edstica en nuestra regi\u00f3n. Cada una de estas bicicletas gigantes es una obra de arte con un relato \u00fanico. Son el v\u00ednculo entre el pasado, el presente y el futuro: el concepto de la sostenibilidad vinculada al cicloturismo. Cada una de ellas presenta un mensaje alineado con los ODS.<\/p>\n\n<p class=\"has-text-align-right has-small-font-size\"><\/p>\n\n<figure class=\"wp-block-image size-large\"><img loading=\"lazy\" decoding=\"async\" width=\"1024\" height=\"480\" src=\"https:\/\/www.vilafamesturisme.com\/wp-content\/uploads\/2024\/04\/PORTADA-NOTICIA-PLANA-1024x480.jpg\" alt=\"\" class=\"wp-image-1107\" srcset=\"https:\/\/www.vilafamesturisme.com\/wp-content\/uploads\/2024\/04\/PORTADA-NOTICIA-PLANA-1024x480.jpg 1024w, https:\/\/www.vilafamesturisme.com\/wp-content\/uploads\/2024\/04\/PORTADA-NOTICIA-PLANA-300x141.jpg 300w, https:\/\/www.vilafamesturisme.com\/wp-content\/uploads\/2024\/04\/PORTADA-NOTICIA-PLANA-768x360.jpg 768w, https:\/\/www.vilafamesturisme.com\/wp-content\/uploads\/2024\/04\/PORTADA-NOTICIA-PLANA-1536x720.jpg 1536w, https:\/\/www.vilafamesturisme.com\/wp-content\/uploads\/2024\/04\/PORTADA-NOTICIA-PLANA.jpg 1600w\" sizes=\"auto, (max-width: 1024px) 100vw, 1024px\" \/><\/figure>\n","protected":false},"excerpt":{"rendered":"<p>Via Siete Sillas Es una instalaci\u00f3n escult\u00f3rica creada por Pilar Balsalobre y Carlos Jim\u00e9nez del estudio photoAlquimia para el Museo de esculturas al aire libre de la Plana de l'Arc. [&hellip;]<\/p>\n","protected":false},"author":1,"featured_media":1317,"parent":1403,"menu_order":83,"comment_status":"closed","ping_status":"closed","template":"","meta":{"_acf_changed":false,"_EventAllDay":false,"_EventTimezone":"","_EventStartDate":"","_EventEndDate":"","_EventStartDateUTC":"","_EventEndDateUTC":"","_EventShowMap":false,"_EventShowMapLink":false,"_EventURL":"","_EventCost":"","_EventCostDescription":"","_EventCurrencySymbol":"","_EventCurrencyCode":"","_EventCurrencyPosition":"","_EventDateTimeSeparator":"","_EventTimeRangeSeparator":"","_EventOrganizerID":[],"_EventVenueID":[],"_OrganizerEmail":"","_OrganizerPhone":"","_OrganizerWebsite":"","_VenueAddress":"","_VenueCity":"","_VenueCountry":"","_VenueProvince":"","_VenueState":"","_VenueZip":"","_VenuePhone":"","_VenueURL":"","_VenueStateProvince":"","_VenueLat":"","_VenueLng":"","_VenueShowMap":false,"_VenueShowMapLink":false,"footnotes":""},"class_list":["post-1686","page","type-page","status-publish","has-post-thumbnail","hentry"],"acf":[],"_links":{"self":[{"href":"https:\/\/www.vilafamesturisme.com\/es\/wp-json\/wp\/v2\/pages\/1686","targetHints":{"allow":["GET"]}}],"collection":[{"href":"https:\/\/www.vilafamesturisme.com\/es\/wp-json\/wp\/v2\/pages"}],"about":[{"href":"https:\/\/www.vilafamesturisme.com\/es\/wp-json\/wp\/v2\/types\/page"}],"author":[{"embeddable":true,"href":"https:\/\/www.vilafamesturisme.com\/es\/wp-json\/wp\/v2\/users\/1"}],"replies":[{"embeddable":true,"href":"https:\/\/www.vilafamesturisme.com\/es\/wp-json\/wp\/v2\/comments?post=1686"}],"version-history":[{"count":1,"href":"https:\/\/www.vilafamesturisme.com\/es\/wp-json\/wp\/v2\/pages\/1686\/revisions"}],"predecessor-version":[{"id":1691,"href":"https:\/\/www.vilafamesturisme.com\/es\/wp-json\/wp\/v2\/pages\/1686\/revisions\/1691"}],"up":[{"embeddable":true,"href":"https:\/\/www.vilafamesturisme.com\/es\/wp-json\/wp\/v2\/pages\/1403"}],"wp:featuredmedia":[{"embeddable":true,"href":"https:\/\/www.vilafamesturisme.com\/es\/wp-json\/wp\/v2\/media\/1317"}],"wp:attachment":[{"href":"https:\/\/www.vilafamesturisme.com\/es\/wp-json\/wp\/v2\/media?parent=1686"}],"curies":[{"name":"wp","href":"https:\/\/api.w.org\/{rel}","templated":true}]}}