{"id":1695,"date":"2023-09-28T07:33:38","date_gmt":"2023-09-28T05:33:38","guid":{"rendered":"https:\/\/www.vilafamesturisme.com\/que-puedes-hacer\/experiencias-unicas\/"},"modified":"2024-06-25T11:14:47","modified_gmt":"2024-06-25T09:14:47","slug":"experiencias-unicas","status":"publish","type":"page","link":"https:\/\/www.vilafamesturisme.com\/es\/que-puedes-hacer\/experiencias-unicas\/","title":{"rendered":"Experiencias \u00fanicas"},"content":{"rendered":"\n<div class=\"wp-block-cover\" style=\"margin-top:0;margin-bottom:0;padding-top:0;padding-right:0;padding-bottom:0;padding-left:0\"><span aria-hidden=\"true\" class=\"wp-block-cover__background has-background-dim-30 has-background-dim\"><\/span><img loading=\"lazy\" decoding=\"async\" width=\"2560\" height=\"1707\" class=\"wp-block-cover__image-background wp-image-812\" alt=\"\" src=\"https:\/\/www.vilafamesturisme.com\/wp-content\/uploads\/2023\/12\/enoturismo_castellon-scaled-1.jpg\" data-object-fit=\"cover\" srcset=\"https:\/\/www.vilafamesturisme.com\/wp-content\/uploads\/2023\/12\/enoturismo_castellon-scaled-1.jpg 2560w, https:\/\/www.vilafamesturisme.com\/wp-content\/uploads\/2023\/12\/enoturismo_castellon-scaled-1-300x200.jpg 300w, https:\/\/www.vilafamesturisme.com\/wp-content\/uploads\/2023\/12\/enoturismo_castellon-scaled-1-1024x683.jpg 1024w, https:\/\/www.vilafamesturisme.com\/wp-content\/uploads\/2023\/12\/enoturismo_castellon-scaled-1-768x512.jpg 768w, https:\/\/www.vilafamesturisme.com\/wp-content\/uploads\/2023\/12\/enoturismo_castellon-scaled-1-1536x1024.jpg 1536w, https:\/\/www.vilafamesturisme.com\/wp-content\/uploads\/2023\/12\/enoturismo_castellon-scaled-1-2048x1366.jpg 2048w\" sizes=\"auto, (max-width: 2560px) 100vw, 2560px\" \/><div class=\"wp-block-cover__inner-container has-global-padding is-layout-constrained wp-container-core-cover-is-layout-f3e693f0 wp-block-cover-is-layout-constrained\">\n<div class=\"wp-block-buttons is-content-justification-center is-layout-flex wp-container-core-buttons-is-layout-a89b3969 wp-block-buttons-is-layout-flex\">\n<div class=\"wp-block-button is-style-outline is-style-outline--1\"><a class=\"wp-block-button__link wp-element-button\" href=\"https:\/\/magnanimvs.com\/\" target=\"_blank\" rel=\"noreferrer noopener\">Enoturismo<\/a><\/div>\n<\/div>\n\n\n\n<p class=\"has-text-align-center has-large-font-size\"><\/p>\n<\/div><\/div>\n\n<p>Descubre la maravillosa experiencia que ofrece la Bodega Magnanimvs Mayo Garc\u00eda de conocer el proceso de elaboraci\u00f3n y la historia de su bodega con una cata de Vinos Magnanimvs. Un maravilloso mundo de sabores y sensaciones.<\/p>\n\n<div style=\"height:10px\" aria-hidden=\"true\" class=\"wp-block-spacer\"><\/div>\n\n<div class=\"wp-block-cover\" style=\"margin-top:0;margin-bottom:0;padding-top:0;padding-right:0;padding-bottom:0;padding-left:0\"><span aria-hidden=\"true\" class=\"wp-block-cover__background has-background-dim-30 has-background-dim\"><\/span><img loading=\"lazy\" decoding=\"async\" width=\"1000\" height=\"770\" class=\"wp-block-cover__image-background wp-image-820\" alt=\"\" src=\"https:\/\/www.vilafamesturisme.com\/wp-content\/uploads\/2023\/12\/Bicicletas-para-alquilar-20.jpg\" data-object-fit=\"cover\" srcset=\"https:\/\/www.vilafamesturisme.com\/wp-content\/uploads\/2023\/12\/Bicicletas-para-alquilar-20.jpg 1000w, https:\/\/www.vilafamesturisme.com\/wp-content\/uploads\/2023\/12\/Bicicletas-para-alquilar-20-300x231.jpg 300w, https:\/\/www.vilafamesturisme.com\/wp-content\/uploads\/2023\/12\/Bicicletas-para-alquilar-20-768x591.jpg 768w\" sizes=\"auto, (max-width: 1000px) 100vw, 1000px\" \/><div class=\"wp-block-cover__inner-container has-global-padding is-layout-constrained wp-container-core-cover-is-layout-f3e693f0 wp-block-cover-is-layout-constrained\">\n<div class=\"wp-block-buttons is-content-justification-center is-layout-flex wp-container-core-buttons-is-layout-a89b3969 wp-block-buttons-is-layout-flex\">\n<div class=\"wp-block-button is-style-outline is-style-outline--2\"><a class=\"wp-block-button__link wp-element-button\" href=\"https:\/\/bicirural.es\/\" target=\"_blank\" rel=\"noreferrer noopener\">Alquiler bicicletas el\u00e9ctricas<\/a><\/div>\n<\/div>\n\n\n\n<p class=\"has-text-align-center has-large-font-size\"><\/p>\n<\/div><\/div>\n\n<p>Disfruta del entorno rural y natural de Vilafam\u00e9s pedaleando en bicicleta el\u00e9ctrica para conocer el territorio de una forma sostenible, \u00e1gil y respetuosa con el medio ambiente.<\/p>\n\n<div style=\"height:10px\" aria-hidden=\"true\" class=\"wp-block-spacer\"><\/div>\n\n<div class=\"wp-block-cover\" style=\"margin-top:0;margin-bottom:0;padding-top:0;padding-right:0;padding-bottom:0;padding-left:0\"><span aria-hidden=\"true\" class=\"wp-block-cover__background has-background-dim-30 has-background-dim\"><\/span><img loading=\"lazy\" decoding=\"async\" width=\"1280\" height=\"960\" class=\"wp-block-cover__image-background wp-image-842\" alt=\"\" src=\"https:\/\/www.vilafamesturisme.com\/wp-content\/uploads\/2023\/12\/bulder.webp\" data-object-fit=\"cover\" srcset=\"https:\/\/www.vilafamesturisme.com\/wp-content\/uploads\/2023\/12\/bulder.webp 1280w, https:\/\/www.vilafamesturisme.com\/wp-content\/uploads\/2023\/12\/bulder-300x225.webp 300w, https:\/\/www.vilafamesturisme.com\/wp-content\/uploads\/2023\/12\/bulder-1024x768.webp 1024w, https:\/\/www.vilafamesturisme.com\/wp-content\/uploads\/2023\/12\/bulder-768x576.webp 768w\" sizes=\"auto, (max-width: 1280px) 100vw, 1280px\" \/><div class=\"wp-block-cover__inner-container has-global-padding is-layout-constrained wp-container-core-cover-is-layout-f3e693f0 wp-block-cover-is-layout-constrained\">\n<div class=\"wp-block-buttons is-content-justification-center is-layout-flex wp-container-core-buttons-is-layout-a89b3969 wp-block-buttons-is-layout-flex\">\n<div class=\"wp-block-button is-style-outline is-style-outline--3\"><a class=\"wp-block-button__link wp-element-button\" href=\"https:\/\/www.thecrag.com\/es\/escalar\/spain\/castellon\/area\/2936631069\" target=\"_blank\" rel=\"noreferrer noopener\">Vilafam\u00e9s B\u00falder<\/a><\/div>\n<\/div>\n\n\n\n<p class=\"has-text-align-center has-large-font-size\"><\/p>\n<\/div><\/div>\n\n<p>Descubre el campo de boulder de Vilafam\u00e9s, una zona de areniscas justo junto a la localidad. Con m\u00e1s de quince zonas de bloques donde podr\u00e1s disfrutar del contacto directo con la piedra roja caracter\u00edstica de la localidad.<\/p>\n\n<div style=\"height:10px\" aria-hidden=\"true\" class=\"wp-block-spacer\"><\/div>\n\n<div class=\"wp-block-cover\" style=\"margin-top:0;margin-bottom:0;padding-top:0;padding-right:0;padding-bottom:0;padding-left:0\"><span aria-hidden=\"true\" class=\"wp-block-cover__background has-background-dim-30 has-background-dim\"><\/span><img loading=\"lazy\" decoding=\"async\" width=\"1845\" height=\"2560\" class=\"wp-block-cover__image-background wp-image-844\" alt=\"\" src=\"https:\/\/www.vilafamesturisme.com\/wp-content\/uploads\/2023\/12\/roberta-sorge-uOBApnN_K7w-unsplash-scaled.jpg\" data-object-fit=\"cover\" srcset=\"https:\/\/www.vilafamesturisme.com\/wp-content\/uploads\/2023\/12\/roberta-sorge-uOBApnN_K7w-unsplash-scaled.jpg 1845w, https:\/\/www.vilafamesturisme.com\/wp-content\/uploads\/2023\/12\/roberta-sorge-uOBApnN_K7w-unsplash-216x300.jpg 216w, https:\/\/www.vilafamesturisme.com\/wp-content\/uploads\/2023\/12\/roberta-sorge-uOBApnN_K7w-unsplash-738x1024.jpg 738w, https:\/\/www.vilafamesturisme.com\/wp-content\/uploads\/2023\/12\/roberta-sorge-uOBApnN_K7w-unsplash-768x1066.jpg 768w, https:\/\/www.vilafamesturisme.com\/wp-content\/uploads\/2023\/12\/roberta-sorge-uOBApnN_K7w-unsplash-1107x1536.jpg 1107w, https:\/\/www.vilafamesturisme.com\/wp-content\/uploads\/2023\/12\/roberta-sorge-uOBApnN_K7w-unsplash-1476x2048.jpg 1476w\" sizes=\"auto, (max-width: 1845px) 100vw, 1845px\" \/><div class=\"wp-block-cover__inner-container has-global-padding is-layout-constrained wp-container-core-cover-is-layout-f3e693f0 wp-block-cover-is-layout-constrained\">\n<div class=\"wp-block-buttons is-content-justification-center is-layout-flex wp-container-core-buttons-is-layout-a89b3969 wp-block-buttons-is-layout-flex\">\n<div class=\"wp-block-button is-style-outline is-style-outline--4\"><a class=\"wp-block-button__link wp-element-button\" href=\"http:\/\/www.oleicola.es\/\" target=\"_blank\" rel=\"noreferrer noopener\">Ole\u00edcola del Penyagolosa - Pla de l\u2019Arc<\/a><\/div>\n<\/div>\n\n\n\n<p class=\"has-text-align-center has-large-font-size\"><\/p>\n<\/div><\/div>\n\n<p>Disfruta de un producto elaborado a partir de los olivos centenarios a trav\u00e9s de la visita a la cooperativa comarcal y la cata de su aceite extra virgen de alta calidad que te llevar\u00e1 a un mundo de sabores inolvidables.<\/p>\n\n<div style=\"height:10px\" aria-hidden=\"true\" class=\"wp-block-spacer\"><\/div>\n\n<div class=\"wp-block-cover is-light\" style=\"margin-top:0;margin-bottom:0;padding-top:0;padding-right:0;padding-bottom:0;padding-left:0\"><span aria-hidden=\"true\" class=\"wp-block-cover__background has-background-dim-30 has-background-dim\" style=\"background-color:#8ca08a\"><\/span><img loading=\"lazy\" decoding=\"async\" width=\"462\" height=\"652\" class=\"wp-block-cover__image-background wp-image-1097\" alt=\"\" src=\"https:\/\/www.vilafamesturisme.com\/wp-content\/uploads\/2024\/04\/TRC.png\" data-object-fit=\"cover\" srcset=\"https:\/\/www.vilafamesturisme.com\/wp-content\/uploads\/2024\/04\/TRC.png 462w, https:\/\/www.vilafamesturisme.com\/wp-content\/uploads\/2024\/04\/TRC-213x300.png 213w\" sizes=\"auto, (max-width: 462px) 100vw, 462px\" \/><div class=\"wp-block-cover__inner-container has-global-padding is-layout-constrained wp-container-core-cover-is-layout-f3e693f0 wp-block-cover-is-layout-constrained\">\n<div class=\"wp-block-buttons is-content-justification-center is-layout-flex wp-container-core-buttons-is-layout-a89b3969 wp-block-buttons-is-layout-flex\">\n<div class=\"wp-block-button is-style-outline is-style-outline--5\"><a class=\"wp-block-button__link wp-element-button\" href=\"https:\/\/trail-running.es\/trc-051-vilafames\/\" target=\"_blank\" rel=\"noreferrer noopener\">Centro Trail Running Vilafam\u00e9s<\/a><\/div>\n<\/div>\n\n\n\n<p class=\"has-text-align-center has-large-font-size\"><\/p>\n<\/div><\/div>\n\n<p>Vilafam\u00e9s forma parte  de la Red Estatal de Instalaciones Permanentes de Trail Running, un proyecto innovador de la Real Federaci\u00f3n Espa\u00f1ola de Atletismo y Trail Running Center, que conjuga el deporte con el turismo y la gastronom\u00eda en n\u00facleos rurales y monta\u00f1osos.<\/p>\n","protected":false},"excerpt":{"rendered":"<p>Descubre la maravillosa experiencia que ofrece la Bodega Magnanimvs Mayo Garc\u00eda de conocer el proceso de elaboraci\u00f3n y la historia de su bodega con una cata de Vinos Magnanimvs. Un [&hellip;]<\/p>\n","protected":false},"author":1,"featured_media":810,"parent":1403,"menu_order":89,"comment_status":"closed","ping_status":"closed","template":"","meta":{"_acf_changed":false,"_EventAllDay":false,"_EventTimezone":"","_EventStartDate":"","_EventEndDate":"","_EventStartDateUTC":"","_EventEndDateUTC":"","_EventShowMap":false,"_EventShowMapLink":false,"_EventURL":"","_EventCost":"","_EventCostDescription":"","_EventCurrencySymbol":"","_EventCurrencyCode":"","_EventCurrencyPosition":"","_EventDateTimeSeparator":"","_EventTimeRangeSeparator":"","_EventOrganizerID":[],"_EventVenueID":[],"_OrganizerEmail":"","_OrganizerPhone":"","_OrganizerWebsite":"","_VenueAddress":"","_VenueCity":"","_VenueCountry":"","_VenueProvince":"","_VenueState":"","_VenueZip":"","_VenuePhone":"","_VenueURL":"","_VenueStateProvince":"","_VenueLat":"","_VenueLng":"","_VenueShowMap":false,"_VenueShowMapLink":false,"footnotes":""},"class_list":["post-1695","page","type-page","status-publish","has-post-thumbnail","hentry"],"acf":[],"_links":{"self":[{"href":"https:\/\/www.vilafamesturisme.com\/es\/wp-json\/wp\/v2\/pages\/1695","targetHints":{"allow":["GET"]}}],"collection":[{"href":"https:\/\/www.vilafamesturisme.com\/es\/wp-json\/wp\/v2\/pages"}],"about":[{"href":"https:\/\/www.vilafamesturisme.com\/es\/wp-json\/wp\/v2\/types\/page"}],"author":[{"embeddable":true,"href":"https:\/\/www.vilafamesturisme.com\/es\/wp-json\/wp\/v2\/users\/1"}],"replies":[{"embeddable":true,"href":"https:\/\/www.vilafamesturisme.com\/es\/wp-json\/wp\/v2\/comments?post=1695"}],"version-history":[{"count":1,"href":"https:\/\/www.vilafamesturisme.com\/es\/wp-json\/wp\/v2\/pages\/1695\/revisions"}],"predecessor-version":[{"id":1696,"href":"https:\/\/www.vilafamesturisme.com\/es\/wp-json\/wp\/v2\/pages\/1695\/revisions\/1696"}],"up":[{"embeddable":true,"href":"https:\/\/www.vilafamesturisme.com\/es\/wp-json\/wp\/v2\/pages\/1403"}],"wp:featuredmedia":[{"embeddable":true,"href":"https:\/\/www.vilafamesturisme.com\/es\/wp-json\/wp\/v2\/media\/810"}],"wp:attachment":[{"href":"https:\/\/www.vilafamesturisme.com\/es\/wp-json\/wp\/v2\/media?parent=1695"}],"curies":[{"name":"wp","href":"https:\/\/api.w.org\/{rel}","templated":true}]}}